{"id":854,"date":"2025-11-06T13:40:43","date_gmt":"2025-11-06T12:40:43","guid":{"rendered":"https:\/\/oroimenhez.eus\/jornadas\/"},"modified":"2025-11-10T22:50:53","modified_gmt":"2025-11-10T21:50:53","slug":"jornadas","status":"publish","type":"page","link":"https:\/\/oroimenhez.eus\/es\/jornadas\/","title":{"rendered":"Jornadas organizadas"},"content":{"rendered":"\n<h3 class=\"wp-block-heading has-accent-4-color has-text-color has-link-color wp-elements-234b8c9e88dcd2163f8a4b28afa1f2af\">1\u00aa Jornada: <\/h3>\n\n<h2 class=\"wp-block-heading gomarez has-accent-4-color has-text-color has-link-color wp-elements-5de43a6b30215141f40d044aac383a51\">EDUCACI\u00d3N Y VIOLENCIA<\/h2>\n\n<h3 class=\"wp-block-heading gomarez has-accent-4-color has-text-color has-link-color wp-elements-95fa58d8406ebb6c727df7b0ee9d83be\">Experiencias y retos en la formaci\u00f3n del profesorado<\/h3>\n\n<div style=\"height:10px\" aria-hidden=\"true\" class=\"wp-block-spacer\"><\/div>\n\n<p><strong>El pr\u00f3ximo 20 de noviembre de 2025 tendr\u00e1 lugar en la Facultad de Educaci\u00f3n, Filosof\u00eda y Antropolog\u00eda (HEFA II) de la EHU<\/strong> la 1\u00aa Jornada sobre EDUCACI\u00d3N Y VIOLENCIA: Experiencias y retos en la formaci\u00f3n del profesorado. Esta iniciativa, organizada con el apoyo del Campus de Gipuzkoa, busca generar un espacio de reflexi\u00f3n y di\u00e1logo en torno a la ense\u00f1anza de temas controvertidos, la memoria democr\u00e1tica y el papel de la educaci\u00f3n en contextos de violencia. A trav\u00e9s de ponencias, conversatorios y experiencias compartidas por profesionales de distintas universidades, la jornada pretende enriquecer la formaci\u00f3n docente y fomentar una mirada cr\u00edtica y comprometida con los derechos humanos y la convivencia.  <\/p>\n\n<p class=\"has-large-font-size\">Programa de la jornada:<\/p>\n\n<p><strong>\u2192<\/strong> <strong>9:00 \u2013 9:30<\/strong><br\/><em>Recepci\u00f3n de participantes<\/em><\/p>\n\n<p><strong>\u2192 9:30 \u2013 10:30 <\/strong><br\/><em>Ponencia biling\u00fce:<\/em><br\/><strong>Violencia reciente y Educaci\u00f3n en el Pa\u00eds Vasco: 10 a\u00f1os de experiencias en formaci\u00f3n del profesorado en UPV-EHU (2016-2025)<\/strong><br\/>Naiara Vicent y Leire Albas (UPV-EHU)<\/p>\n\n<p><strong>\u2192 10:45 \u2013 11:00 <\/strong><br\/><em>Inauguraci\u00f3n de la jornada<\/em><br\/>Arritxu Mara\u00f1on \/ Viceconsejera de Derechos Humanos, Memoria y Convivencia<br\/>Ainhoa Zugasti \/ Directora de Derechos Humanos y Atenci\u00f3n a V\u00edctimas<br\/>Aitor Martxueta \/ Decano de la Facultad de Educaci\u00f3n, Filosof\u00eda y Antropolog\u00eda<\/p>\n\n<p><strong>\u2192 11:00 \u2013 12:00 <\/strong><br\/><em>Ponencias comentadas:<\/em><br\/><strong>Experiencias de formaci\u00f3n en Memoria Democr\u00e1tica en Colombia y Espa\u00f1a<\/strong><br\/>Gustavo Gonzalez (U. Aut\u00f3noma de Barcelona) y Alvaro Chaparro (U. de Almer\u00eda). <br\/>Moderador Alex Ib\u00e1\u00f1ez-Etxeberria (UPV-EHU)<\/p>\n\n<p><strong>\u2192 12:00 \u2013 12:30 <\/strong><br\/><em>Pausa caf\u00e9<\/em><\/p>\n\n<p><strong>\u2192 12:30 \u2013 13:30 <\/strong><br\/><em>Conversatorio:<\/em><br\/><strong>Retos de la ense\u00f1anza de temas controversiales<\/strong><br\/>Diego Miguel (U. de Valladolid) y Naiara Vicent (UPV-EHU). <br\/>Moderador Sebasti\u00e1n Molina (U. de Murcia)<\/p>\n\n<p><strong>\u2192 14:00 \u2013 16:30 <\/strong><br\/><em>Comida informal<\/em><br\/>Antigua Taberna de Magisterio<\/p>\n\n<div style=\"height:10px\" aria-hidden=\"true\" class=\"wp-block-spacer\"><\/div>\n\n<div class=\"wp-block-buttons is-layout-flex wp-block-buttons-is-layout-flex\">\n<div class=\"wp-block-button\"><a class=\"wp-block-button__link wp-element-button\" href=\"https:\/\/oroimenhez.eus\/wp-content\/uploads\/2025\/11\/HekuntzaEtaIndarkeria-EducacionYViolencia.pdf\" target=\"_blank\" rel=\"noreferrer noopener\">EDUCACI\u00d3N Y VIOLENCIA 1. Jornada PROGRAMA (PDF) <\/a><\/div>\n<\/div>\n\n<figure class=\"wp-block-image size-full\" style=\"margin-top:var(--wp--preset--spacing--30);margin-bottom:var(--wp--preset--spacing--20)\"><img loading=\"lazy\" decoding=\"async\" width=\"555\" height=\"790\" src=\"https:\/\/oroimenhez.eus\/wp-content\/uploads\/2025\/11\/jardunaldia_1_flyer.png\" alt=\"\" class=\"wp-image-904\" srcset=\"https:\/\/oroimenhez.eus\/wp-content\/uploads\/2025\/11\/jardunaldia_1_flyer.png 555w, https:\/\/oroimenhez.eus\/wp-content\/uploads\/2025\/11\/jardunaldia_1_flyer-211x300.png 211w\" sizes=\"auto, (max-width: 555px) 100vw, 555px\" \/><\/figure>\n\n<p><em>Esta actividad cuenta con la ayuda del Campus de Gipuzkoa de la Universidad del Pa\u00eds Vasco.<\/em><\/p>\n","protected":false},"excerpt":{"rendered":"<p>1\u00aa Jornada: EDUCACI\u00d3N Y VIOLENCIA Experiencias y retos en la formaci\u00f3n del profesorado El pr\u00f3ximo 20 de noviembre de 2025 tendr\u00e1 lugar en la Facultad de Educaci\u00f3n, Filosof\u00eda y Antropolog\u00eda (HEFA II) de la EHU la 1\u00aa Jornada sobre EDUCACI\u00d3N Y VIOLENCIA: Experiencias y retos en la formaci\u00f3n del profesorado. Esta iniciativa, organizada con el [&hellip;]<\/p>\n","protected":false},"author":1,"featured_media":0,"parent":0,"menu_order":0,"comment_status":"closed","ping_status":"closed","template":"","meta":{"_acf_changed":false,"footnotes":""},"class_list":["post-854","page","type-page","status-publish","hentry"],"acf":[],"_links":{"self":[{"href":"https:\/\/oroimenhez.eus\/es\/wp-json\/wp\/v2\/pages\/854","targetHints":{"allow":["GET"]}}],"collection":[{"href":"https:\/\/oroimenhez.eus\/es\/wp-json\/wp\/v2\/pages"}],"about":[{"href":"https:\/\/oroimenhez.eus\/es\/wp-json\/wp\/v2\/types\/page"}],"author":[{"embeddable":true,"href":"https:\/\/oroimenhez.eus\/es\/wp-json\/wp\/v2\/users\/1"}],"replies":[{"embeddable":true,"href":"https:\/\/oroimenhez.eus\/es\/wp-json\/wp\/v2\/comments?post=854"}],"version-history":[{"count":0,"href":"https:\/\/oroimenhez.eus\/es\/wp-json\/wp\/v2\/pages\/854\/revisions"}],"wp:attachment":[{"href":"https:\/\/oroimenhez.eus\/es\/wp-json\/wp\/v2\/media?parent=854"}],"curies":[{"name":"wp","href":"https:\/\/api.w.org\/{rel}","templated":true}]}}