{"id":671,"date":"2025-04-03T16:29:44","date_gmt":"2025-04-03T15:29:44","guid":{"rendered":"https:\/\/oroimenhez.eus\/que-hacemos\/produccion-cientifica\/capitulos\/"},"modified":"2026-01-30T09:28:36","modified_gmt":"2026-01-30T08:28:36","slug":"capitulos","status":"publish","type":"page","link":"https:\/\/oroimenhez.eus\/es\/que-hacemos\/produccion-cientifica\/capitulos\/","title":{"rendered":"Cap\u00edtulos"},"content":{"rendered":"\n<div class=\"wp-block-columns is-layout-flex wp-container-core-columns-is-layout-28f84493 wp-block-columns-is-layout-flex\">\n<div class=\"wp-block-column is-layout-flow wp-block-column-is-layout-flow\">\n<h2 class=\"wp-block-heading has-text-align-left has-accent-4-color has-text-color has-link-color has-large-font-size wp-elements-99608fda6cd822701517dd85fc2e4a33\">Producci\u00f3n cient\u00edfica<\/h2>\n<\/div>\n\n\n\n<div class=\"wp-block-column is-layout-flow wp-block-column-is-layout-flow\">\n<div class=\"wp-block-buttons is-layout-flex wp-block-buttons-is-layout-flex\">\n<div class=\"wp-block-button is-style-outline is-style-outline--1\"><a class=\"wp-block-button__link has-medium-font-size has-custom-font-size wp-element-button\" href=\"https:\/\/oroimenhez.eus\/es\/que-hacemos\/produccion-cientifica\/articulos\/\">ART\u00cdCULOS<\/a><\/div>\n\n\n\n<div class=\"wp-block-button is-style-fill\"><a class=\"wp-block-button__link has-medium-font-size has-custom-font-size wp-element-button\" href=\"https:\/\/oroimenhez.eus\/es\/que-hacemos\/produccion-cientifica\/capitulos\/\">CAP\u00cdTULOS<\/a><\/div>\n\n\n\n<div class=\"wp-block-button is-style-outline is-style-outline--2\"><a class=\"wp-block-button__link has-medium-font-size has-custom-font-size wp-element-button\" href=\"https:\/\/oroimenhez.eus\/es\/produccion-y-divulgacion\/\">Buscador<\/a><\/div>\n<\/div>\n<\/div>\n<\/div>\n\n<div style=\"height:20px\" aria-hidden=\"true\" class=\"wp-block-spacer\"><\/div>\n\n<h3 class=\"wp-block-heading\">2025<\/h3>\n\n<ul class=\"wp-block-list listpad\">\n<li>Jansen Melheim, M. M., Vicent Ota\u00f1o, N., Helsvig, K. G., e Ib\u00e1\u00f1ez Etxeberria, A. (2025). Convivencia y memoria en la formaci\u00f3n del profesorado de la UPV\/EHU. \u00bfUna propuesta universal y exportable para trabajar la memoria hist\u00f3rica? En C. Layana Ilund\u00e1in &amp; J. M. Gast\u00f3n Aguas (Coords.), <em>Historia con memoria en la educaci\u00f3n: II Congreso Internacional<\/em> (Vol. 2, pp. 1787\u20131801). Gobierno de Navarra.    <\/li>\n<\/ul>\n\n<h3 class=\"wp-block-heading\">2024<\/h3>\n\n<ul class=\"wp-block-list listpad\">\n<li>Castrillo, J., Gillate, I., Luna, U., &amp; Ib\u00e1\u00f1ez-Etxeberia, A. (2024). \u00bfSe aborda la violencia de motivaci\u00f3n pol\u00edtica reciente en el curr\u00edculum y libros de texto de la CAPV? In J.I. Ortega Cervig\u00f3n, J.A. S\u00e1nchez Rivera &amp; N. Gonz\u00e1lez Monfort (Eds.), <em>El curr\u00edculum de Ciencias Sociales: ense\u00f1anza-aprendizaje desde las culturas y los valores democr\u00e1ticos<\/em> (pp. 13-20). Octaedro Editorial.    <\/li>\n\n\n\n<li>Elorza, M., Vicent, N., Aranguren-Juaristi, O., &amp; Campos-L\u00f3pez, T. (2024). Un lugar para el m\u00f3dulo Adi-adian en la adaptaci\u00f3n curricular de la LOMLOE en el Pa\u00eds Vasco. In J.I. Ortega Cervig\u00f3n, J.A. S\u00e1nchez Rivera &amp; N. Gonz\u00e1lez Monfort (Eds.), <em>El curr\u00edculum de Ciencias Sociales: ense\u00f1anza-aprendizaje desde las culturas y los valores democr\u00e1ticos<\/em> (pp. 29-37). Octaedro Editorial.    <\/li>\n\n\n\n<li>Jansen Melheim, M.M., Vicent, N., Gunnar Helsvig, K. &amp; Iba\u00f1ez-Etxeberria, A. (2024). Convivencia y Memoria en la formaci\u00f3n del profesorado de la UPV\/EHU. \u00bfUna propuesta universal y exportable para trabajar la memoria hist\u00f3rica? In C. Layana &amp; J.M. Gast\u00f3n (Eds.), <em>Historia con memoria en la educaci\u00f3n. II CONGRESO INTERNACIONAL<\/em> (pp. 1787-1801). Gobierno de Navarra \/ Nafarroako Gobernua.     <\/li>\n\n\n\n<li>Vicent, N., Albas, L., Gaskue, S., &amp; Iba\u00f1ez-Etxeberria, A. (2024). Llevar el conflicto al aula a trav\u00e9s de v\u00edctimas educadoras. In D. Ortega S\u00e1nchez, J. Castellv\u00ed Mata, Ginz\u00e1lez Monfort, N. (Eds.), <em>Ense\u00f1ar el conflicto: perspectivas, significados y l\u00edmites en la educaci\u00f3n para una cultura democr\u00e1tica y la justicia social<\/em> (pp. 249-260). Diykinson.   <\/li>\n<\/ul>\n\n<div style=\"height:10px\" aria-hidden=\"true\" class=\"wp-block-spacer\"><\/div>\n\n<h3 class=\"wp-block-heading\">2022<\/h3>\n\n<ul class=\"wp-block-list listpad\">\n<li>Urkidi, P., Lores, G., Vicent, N. y Delgado, A. (2022). Problemas sociales relevantes y m\u00f3dulo educativo Adi-adian: una apuesta por la educaci\u00f3n en derechos humanos, valores democr\u00e1ticos y la memoria hist\u00f3rica reciente en Euskadi. En J. C. Bel Mart\u00ednez, J. C. Colomer Rubio y N. de Alba Fern\u00e1ndez (Eds.), <em>Repensar el curr\u00edculum de Ciencias Sociales: pr\u00e1cticas educativas para una ciudadan\u00eda cr\u00edtica<\/em> (pp. 717-725). Tirant Lo Blanch.   <\/li>\n\n\n\n<li>Albas, L., Echeberria-Arquero, B., y Vicent, N. (2022). El tratamiento de la violencia en las aulas en el Pa\u00eds Vasco. An\u00e1lisis exploratorio de la implementaci\u00f3n del m\u00f3dulo educativo Adi-Adian en la formaci\u00f3n inicial del profesorado de Educaci\u00f3n Infantil. En J.C. Bel Mart\u00ednez, J.C. Colomer Rubio y N. de Alba Fern\u00e1ndez (Eds.), <em>Repensar el curr\u00edculum de Ciencias Sociales: pr\u00e1cticas educativas para una ciudadan\u00eda cr\u00edtica<\/em> (pp. 755-762). Tirant Lo Blanch.     <\/li>\n\n\n\n<li>Iba\u00f1ez-Etxeberria, A., Albas, L., Gaskue, S., &amp; Vicent, N. (2022). Education and Controversial Topics in Post-conflict Societies: The <em>Coexistence and Memory Project<\/em> in Contemporary Teacher Training in the Basque Country. In D. Ortega-S\u00e1nchez (Eds.), <em>Controversial Issues and Social Problems for an Integrated Disciplinary Teaching<\/em> (pp. 81-97). Springer.   <\/li>\n\n\n\n<li>Luna, U., Castrillo, J., Gillate, I., &amp; Iba\u00f1ez-Etxeberria, A. (2022). <em>Apps <\/em>educativas sobre memoria hist\u00f3rica y Segunda Guerra Mundial. In C. Rodr\u00edguez Jim\u00e9nez, M. Ramos Navas-Parejo, J.C. de la Cruz-Campos, &amp; J. J. Victoria Maldonado (Eds.), <em>Investigaci\u00f3n, Innovaci\u00f3n e Inclusi\u00f3n educativa desde la praxis<\/em> (pp. 149\u2013156). Dykinson.  <\/li>\n\n\n\n<li>S\u00e1enz del Castillo, A., Arregi-Orue, J.I., &amp; Ugalde Gorostiza, A. I. (2022). La ciudadan\u00eda cr\u00edtica en situaciones Postconflicto: el programa adi-adi y una aproximaci\u00f3n desde la did\u00e1ctica de las ciencias Sociales. In J.C. Bel Mart\u00ednez, J.C. Colomer Rubio y N. de Alba Fern\u00e1ndez (Eds.). <em>Repensar el curr\u00edculum de Ciencias Sociales: pr\u00e1cticas educativas para una ciudadan\u00eda cr\u00edtica <\/em>(pp. 745-753). Tirant Lo Blanch.    <\/li>\n\n\n\n<li>Urkidi, P., Lores, G., Vicent, N., y Delgado, A. (2022). Problemas sociales relevantes y m\u00f3dulo educativo \u201cAdi-adian\u201d: una apuesta por la educaci\u00f3n en derechos humanos, valores democr\u00e1ticos y la memoria hist\u00f3rica reciente en Euskadi. In J.C. Bel Mart\u00ednez, J.C. Colomer Rubio y N. de Alba Fern\u00e1ndez (Eds.), <em>Repensar el curr\u00edculum de Ciencias Sociales: pr\u00e1cticas educativas para una ciudadan\u00eda cr\u00edtica <\/em>(pp. 717-725). Tirant Lo Blanch.   <\/li>\n<\/ul>\n\n<div style=\"height:10px\" aria-hidden=\"true\" class=\"wp-block-spacer\"><\/div>\n\n<h3 class=\"wp-block-heading\">2021<\/h3>\n\n<ul class=\"wp-block-list listpad\">\n<li>Castrillo, J., Gillate, I., Luna, U., &amp; Iba\u00f1ez-Etxeberria, A. (2021). Developing social and civic competence via apps: The role of historical memory in the initial teacher training. In C. J. G\u00f3mez Carrasco, P. Miralles Mart\u00ednez , &amp; R. L\u00f3pez Facal (Eds.), <em>Handbook of Research on Teacher Education in History and Geography<\/em> (pp. 367\u2013390). Peter Lang.   <\/li>\n<\/ul>\n\n<div style=\"height:10px\" aria-hidden=\"true\" class=\"wp-block-spacer\"><\/div>\n\n<h3 class=\"wp-block-heading\">2020<\/h3>\n\n<ul class=\"wp-block-list listpad\">\n<li>Aranguren-Juaristi, O., &amp; Iba\u00f1ez-Etxeberria, A. (2020). Euskal kasuari lotutako motibazio politikoko indarkeriaren trataera Hezkuntzan: Adi-Adian Hezkuntza Modulua Haur Hezkuntza Graduko irakaslegaiengan. In R. Gamito, Judit Mart\u00ednez &amp; Mar\u00eda Teresa Vizcarra (coords.), <em>XXVI Jornadas de Investigaci\u00f3n en Psicodid\u00e1ctica<\/em> (pp. 219-232). Euskal Herriko Unibertsitatea.   <\/li>\n\n\n\n<li>Gillate, I., Luna, U., Castrillo, J., &amp; Ib\u00e1\u00f1ez-Etxeberria, A. (2020). Historical memory in Heritage Education <em>apps<\/em>. A resource for building social and civic competence. In E. Delgado-Algarra, y J. M. Cuenca (Eds.), <em>Handbook of research on citizenship and heritage education <\/em>(pp. 285-310). IGI-Global.    <\/li>\n<\/ul>\n","protected":false},"excerpt":{"rendered":"<p>Producci\u00f3n cient\u00edfica 2025 2024 2022 2021 2020<\/p>\n","protected":false},"author":1,"featured_media":0,"parent":655,"menu_order":0,"comment_status":"closed","ping_status":"closed","template":"","meta":{"_acf_changed":false,"footnotes":""},"class_list":["post-671","page","type-page","status-publish","hentry"],"acf":[],"_links":{"self":[{"href":"https:\/\/oroimenhez.eus\/es\/wp-json\/wp\/v2\/pages\/671","targetHints":{"allow":["GET"]}}],"collection":[{"href":"https:\/\/oroimenhez.eus\/es\/wp-json\/wp\/v2\/pages"}],"about":[{"href":"https:\/\/oroimenhez.eus\/es\/wp-json\/wp\/v2\/types\/page"}],"author":[{"embeddable":true,"href":"https:\/\/oroimenhez.eus\/es\/wp-json\/wp\/v2\/users\/1"}],"replies":[{"embeddable":true,"href":"https:\/\/oroimenhez.eus\/es\/wp-json\/wp\/v2\/comments?post=671"}],"version-history":[{"count":5,"href":"https:\/\/oroimenhez.eus\/es\/wp-json\/wp\/v2\/pages\/671\/revisions"}],"predecessor-version":[{"id":1063,"href":"https:\/\/oroimenhez.eus\/es\/wp-json\/wp\/v2\/pages\/671\/revisions\/1063"}],"up":[{"embeddable":true,"href":"https:\/\/oroimenhez.eus\/es\/wp-json\/wp\/v2\/pages\/655"}],"wp:attachment":[{"href":"https:\/\/oroimenhez.eus\/es\/wp-json\/wp\/v2\/media?parent=671"}],"curies":[{"name":"wp","href":"https:\/\/api.w.org\/{rel}","templated":true}]}}