{"id":647,"date":"2025-03-27T00:10:47","date_gmt":"2025-03-26T23:10:47","guid":{"rendered":"https:\/\/oroimenhez.eus\/quienes-somos\/colaboradores\/"},"modified":"2025-11-27T10:02:01","modified_gmt":"2025-11-27T09:02:01","slug":"colaboradores-as","status":"publish","type":"page","link":"https:\/\/oroimenhez.eus\/es\/quienes-somos\/colaboradores-as\/","title":{"rendered":"Colaboradores\/as"},"content":{"rendered":"\n<div id=\"sara-gaskue\" class=\"wp-block-group has-global-padding is-layout-constrained wp-block-group-is-layout-constrained\">\n<div style=\"height:30px\" aria-hidden=\"true\" class=\"wp-block-spacer\"><\/div>\n\n\n\n<h2 class=\"wp-block-heading\">Sara Gaskue<\/h2>\n\n\n\n<div class=\"wp-block-columns is-layout-flex wp-container-core-columns-is-layout-28f84493 wp-block-columns-is-layout-flex\">\n<div class=\"wp-block-column is-layout-flow wp-block-column-is-layout-flow\">\n<p>Graduada en Educaci\u00f3n Primaria con menci\u00f3n en Proyectos de Innovaci\u00f3n Educativa en la Universidad del Pa\u00eds Vasco (2019), tiene un posgrado en Psicodid\u00e1ctica: Psicolog\u00eda de la Educaci\u00f3n y Did\u00e1cticas Espec\u00edficas en la misma universidad (2020), y graduada en Pedagog\u00eda por la Universidad Internacional de La Rioja (2024).<\/p>\n\n\n\n<p>Fue miembro del grupo de investigaci\u00f3n Red 14: Red de investigaci\u00f3n en ense\u00f1anza de las ciencias sociales (RED2018\u2010102336\u2010T). En este equipo, se encarg\u00f3 principalmente de gestionar e implementar el m\u00f3dulo Adi-Adian: aprendizajes sobre la dignidad humana, la convivencia y la empat\u00eda a trav\u00e9s de la experiencia de escuchar los testimonios de las v\u00edctimas. <\/p>\n\n\n\n<ul class=\"wp-block-list\">\n<li>ORCID: <a href=\"https:\/\/orcid.org\/0000-0002-6626-512X\">0000-0002-6626-512X<\/a> <\/li>\n\n\n\n<li>Google Scholar: <a href=\"https:\/\/scholar.google.es\/citations?hl=es&amp;user=ikNFBcMAAAAJ\">https:\/\/scholar.google.es\/citations?hl=es&amp;user=ikNFBcMAAAAJ<\/a> <\/li>\n<\/ul>\n<\/div>\n\n\n\n<div class=\"wp-block-column is-layout-flow wp-block-column-is-layout-flow\" style=\"flex-basis:150px\">\n<figure class=\"wp-block-image size-full\"><img loading=\"lazy\" decoding=\"async\" width=\"372\" height=\"484\" src=\"https:\/\/oroimenhez.eus\/wp-content\/uploads\/2025\/03\/sara-gaskue.jpg\" alt=\"\" class=\"wp-image-220\" srcset=\"https:\/\/oroimenhez.eus\/wp-content\/uploads\/2025\/03\/sara-gaskue.jpg 372w, https:\/\/oroimenhez.eus\/wp-content\/uploads\/2025\/03\/sara-gaskue-231x300.jpg 231w\" sizes=\"auto, (max-width: 372px) 100vw, 372px\" \/><\/figure>\n<\/div>\n<\/div>\n<\/div>\n\n<div id=\"olatz-aranguren-juaristi\" class=\"wp-block-group has-global-padding is-layout-constrained wp-block-group-is-layout-constrained\">\n<div style=\"height:30px\" aria-hidden=\"true\" class=\"wp-block-spacer\"><\/div>\n\n\n\n<h2 class=\"wp-block-heading\">Olatz Aranguren-Juaristi<\/h2>\n\n\n\n<div class=\"wp-block-columns is-layout-flex wp-container-core-columns-is-layout-28f84493 wp-block-columns-is-layout-flex\">\n<div class=\"wp-block-column is-layout-flow wp-block-column-is-layout-flow\">\n<p>Olatz Aranguren Juaristi es licenciada en Historia y tiene un m\u00e1ster en Psicodid\u00e1ctica: Psicolog\u00eda de la Educaci\u00f3n y Did\u00e1cticas Espec\u00edficas, y actualmente est\u00e1 cursando el doctorado en el mismo programa. Como profesional, ha trabajado como profesora de Educaci\u00f3n Secundaria y ha sido investigadora y docente en el Departamento de Did\u00e1ctica de las Ciencias Sociales de la Universidad del Pa\u00eds Vasco (EHU) durante varios a\u00f1os.<br\/>Su inter\u00e9s por la violencia y los conflictos ocurridos en el Pa\u00eds Vasco la ha llevado a investigar c\u00f3mo este tema se ha desarrollado en el \u00e1mbito educativo, tanto en la percepci\u00f3n del profesorado como del alumnado. Ha analizado c\u00f3mo se ha trabajado este tema hasta ahora, qu\u00e9 aspectos claros y oscuros existen en los enfoques actuales, y qu\u00e9 l\u00edneas de trabajo deber\u00edan seguirse para seguir mejorando en este campo.  <\/p>\n\n\n\n<ul class=\"wp-block-list\">\n<li>ORCID: <a href=\"https:\/\/orcid.org\/0000-0003-2451-5829\">0000-0003-2451-5829<\/a> <\/li>\n\n\n\n<li>Research Gate: <a href=\"https:\/\/www.researchgate.net\/profile\/Olatz-Aranguren\">https:\/\/www.researchgate.net\/profile\/Olatz-Aranguren<\/a><\/li>\n<\/ul>\n<\/div>\n\n\n\n<div class=\"wp-block-column is-layout-flow wp-block-column-is-layout-flow\" style=\"flex-basis:150px\">\n<figure class=\"wp-block-image size-full\"><img loading=\"lazy\" decoding=\"async\" width=\"372\" height=\"484\" src=\"https:\/\/oroimenhez.eus\/wp-content\/uploads\/2025\/03\/olatz-aranguren.jpg\" alt=\"\" class=\"wp-image-223\" srcset=\"https:\/\/oroimenhez.eus\/wp-content\/uploads\/2025\/03\/olatz-aranguren.jpg 372w, https:\/\/oroimenhez.eus\/wp-content\/uploads\/2025\/03\/olatz-aranguren-231x300.jpg 231w\" sizes=\"auto, (max-width: 372px) 100vw, 372px\" \/><\/figure>\n<\/div>\n<\/div>\n<\/div>\n\n<div id=\"pello-urkidi\" class=\"wp-block-group has-global-padding is-layout-constrained wp-block-group-is-layout-constrained\">\n<div style=\"height:30px\" aria-hidden=\"true\" class=\"wp-block-spacer\"><\/div>\n\n\n\n<h2 class=\"wp-block-heading\">Pello Urkidi<\/h2>\n\n\n\n<div class=\"wp-block-columns is-layout-flex wp-container-core-columns-is-layout-28f84493 wp-block-columns-is-layout-flex\">\n<div class=\"wp-block-column is-layout-flow wp-block-column-is-layout-flow\">\n<p>Profesor Titular de Universidad del Dpto. de Did\u00e1ctica de las Ciencias Sociales en la Facultad de Educaci\u00f3n, Filosof\u00eda y Antropolog\u00eda de la Univ. del Pa\u00eds Vasco (1990-2020). Ha sido director de la Escuela de Magisterio de San Sebasti\u00e1n (2009-2017), miembro de la Conferencia de Decanos y Directores de Educaci\u00f3n del Estado (2009-2017) y secretario de su Ejecutiva (2013-2017). <\/p>\n\n\n\n<p>Desde 2015-2016 ha colaborado con la Direcci\u00f3n de Paz y Convivencia del Gobierno Vasco con el objetivo de impulsar programas educativos que ayuden a reflexionar sobre un futuro de convivencia de la sociedad vasca basado en el respeto de todos los derechos humanos (Ahotsak\/Voces, Aztarna galduak\/Las huellas perdidas, Plaza de la Memoria \u2026). Entre 2016 y 2020 ha coordinado e impulsado en la Universidad del Pa\u00eds Vasco el programa de v\u00edctimas educadoras Adi-Adian. <\/p>\n\n\n\n<ul class=\"wp-block-list\">\n<li>ORCID: <a href=\"https:\/\/orcid.org\/0000-0003-1818-8550\">0000-0003-1818-8550<\/a> <\/li>\n\n\n\n<li>Google Scholar: <a href=\"https:\/\/scholar.google.es\/citations?hl=es&amp;user=UncHyggAAAAJ\">https:\/\/scholar.google.es\/citations?hl=es&amp;user=UncHyggAAAAJ<\/a> <\/li>\n<\/ul>\n<\/div>\n\n\n\n<div class=\"wp-block-column is-layout-flow wp-block-column-is-layout-flow\" style=\"flex-basis:150px\">\n<figure class=\"wp-block-image size-full\"><img loading=\"lazy\" decoding=\"async\" width=\"372\" height=\"484\" src=\"https:\/\/oroimenhez.eus\/wp-content\/uploads\/2025\/03\/pello-urkidi.jpg\" alt=\"\" class=\"wp-image-224\" srcset=\"https:\/\/oroimenhez.eus\/wp-content\/uploads\/2025\/03\/pello-urkidi.jpg 372w, https:\/\/oroimenhez.eus\/wp-content\/uploads\/2025\/03\/pello-urkidi-231x300.jpg 231w\" sizes=\"auto, (max-width: 372px) 100vw, 372px\" \/><\/figure>\n<\/div>\n<\/div>\n<\/div>\n\n<div id=\"dorleta-apaolaza\" class=\"wp-block-group has-global-padding is-layout-constrained wp-block-group-is-layout-constrained\">\n<div style=\"height:30px\" aria-hidden=\"true\" class=\"wp-block-spacer\"><\/div>\n\n\n\n<h2 class=\"wp-block-heading\">Dorleta Apaolaza<\/h2>\n\n\n\n<div class=\"wp-block-columns is-layout-flex wp-container-core-columns-is-layout-28f84493 wp-block-columns-is-layout-flex\">\n<div class=\"wp-block-column is-layout-flow wp-block-column-is-layout-flow\">\n<p>Es licenciada en Historia del Arte y doctora en Historia de Am\u00e9rica. Actualmente, es profesora en la Facultad de Educaci\u00f3n y Deporte de la Universidad del Pa\u00eds Vasco (EHU) en Gasteiz, en el \u00e1rea de Ciencias Sociales. Ha sido docente en diversos grados, como el Grado en Educaci\u00f3n Primaria, el Grado en Educaci\u00f3n Infantil, el Grado en Historia del Arte, el Grado en Arte y el Grado en Ciencias Sociales de las Experiencias en Aulas.<br\/>Es miembro del equipo de investigaci\u00f3n del Gobierno Vasco \u00abPa\u00eds Vasco, Europa y Am\u00e9rica: v\u00ednculos y relaciones atl\u00e1nticas\u00bb (IT938-16), y ha participado en varios proyectos europeos relacionados con la educaci\u00f3n inclusiva, la desinformaci\u00f3n y el patrimonio, en los que ha sido investigadora principal en tres de ellos.<br\/>Sus l\u00edneas de investigaci\u00f3n actuales incluyen la did\u00e1ctica de la Historia del Arte, el pensamiento hist\u00f3rico, la perspectiva de g\u00e9nero y la coeducaci\u00f3n, as\u00ed como los temas debatidos dentro del \u00e1mbito educativo. Cabe destacar su participaci\u00f3n en el programa Adi-Adian, tanto como profesora en los grados de Educaci\u00f3n Primaria e Infantil como investigadora en el proyecto de innovaci\u00f3n educativa.      <\/p>\n\n\n\n<ul class=\"wp-block-list\">\n<li>Research Gate: <a href=\"https:\/\/www.researchgate.net\/profile\/Dorleta-Apaolaza-Apaolaza\">https:\/\/www.researchgate.net\/profile\/Dorleta-Apaolaza-Apaolaza<\/a> <\/li>\n\n\n\n<li>ORCID: <a href=\"https:\/\/orcid.org\/0000-0003-0228-1478\">0000-0003-0228-1478<\/a> <\/li>\n\n\n\n<li>Google Scholar: <a href=\"https:\/\/scholar.google.es\/citations?hl=es&amp;user=bkQethkAAAAJ\">https:\/\/scholar.google.es\/citations?hl=es&amp;user=bkQethkAAAAJ<\/a> <\/li>\n<\/ul>\n<\/div>\n\n\n\n<div class=\"wp-block-column is-layout-flow wp-block-column-is-layout-flow\" style=\"flex-basis:150px\">\n<figure class=\"wp-block-image size-full\"><img loading=\"lazy\" decoding=\"async\" width=\"372\" height=\"484\" src=\"https:\/\/oroimenhez.eus\/wp-content\/uploads\/2025\/03\/dorleta-apaolaza.jpg\" alt=\"\" class=\"wp-image-225\" srcset=\"https:\/\/oroimenhez.eus\/wp-content\/uploads\/2025\/03\/dorleta-apaolaza.jpg 372w, https:\/\/oroimenhez.eus\/wp-content\/uploads\/2025\/03\/dorleta-apaolaza-231x300.jpg 231w\" sizes=\"auto, (max-width: 372px) 100vw, 372px\" \/><\/figure>\n<\/div>\n<\/div>\n<\/div>\n\n<div id=\"amaia-lamikiz\" class=\"wp-block-group has-global-padding is-layout-constrained wp-block-group-is-layout-constrained\">\n<div style=\"height:30px\" aria-hidden=\"true\" class=\"wp-block-spacer\"><\/div>\n\n\n\n<h2 class=\"wp-block-heading\">Amaia Lamikiz<\/h2>\n\n\n\n<div class=\"wp-block-columns is-layout-flex wp-container-core-columns-is-layout-28f84493 wp-block-columns-is-layout-flex\">\n<div class=\"wp-block-column is-layout-flow wp-block-column-is-layout-flow\">\n<p>Tras completar sus estudios de Geograf\u00eda e Historia en la Universidad de Deusto, defendi\u00f3 su tesis doctoral en 2005 en el Instituto Europeo de Historia y Civilizaci\u00f3n de la Universidad de Florencia, donde trabaj\u00f3 como investigadora entre 1997 y 2001. Desde una perspectiva de historia social y cultural, su actividad investigadora se ha centrado en las relaciones entre sociabilidad, cultura e identidades nacionales en el Pa\u00eds Vasco durante el siglo XX. Ha investigado c\u00f3mo, en el contexto de la dictadura, las comunidades y culturas contribuyeron al mantenimiento y desarrollo de memorias y actitudes alternativas.<br\/><br\/>Cuenta con una amplia experiencia como docente de Educaci\u00f3n Secundaria, y en 2007 recibi\u00f3 la beca Agust\u00edn Zumalabe de Eusko Ikaskuntza para investigar el trabajo sobre la memoria hist\u00f3rica realizado en las aulas de Educaci\u00f3n Secundaria del Pa\u00eds Vasco. Como resultado de esta investigaci\u00f3n, ha publicado varios art\u00edculos y ha dise\u00f1ado y llevado a cabo numerosos proyectos para trabajar la memoria hist\u00f3rica con estudiantes de Secundaria.      <\/p>\n\n\n\n<ul class=\"wp-block-list\">\n<li>ORCID: <a href=\"https:\/\/orcid.org\/0000-0002-3228-332X\">0000-0002-3228-332X<\/a><\/li>\n<\/ul>\n<\/div>\n\n\n\n<div class=\"wp-block-column is-layout-flow wp-block-column-is-layout-flow\" style=\"flex-basis:150px\">\n<figure class=\"wp-block-image size-full\"><img loading=\"lazy\" decoding=\"async\" width=\"372\" height=\"484\" src=\"https:\/\/oroimenhez.eus\/wp-content\/uploads\/2025\/03\/amaia-lamikiz.jpg\" alt=\"\" class=\"wp-image-226\" srcset=\"https:\/\/oroimenhez.eus\/wp-content\/uploads\/2025\/03\/amaia-lamikiz.jpg 372w, https:\/\/oroimenhez.eus\/wp-content\/uploads\/2025\/03\/amaia-lamikiz-231x300.jpg 231w\" sizes=\"auto, (max-width: 372px) 100vw, 372px\" \/><\/figure>\n<\/div>\n<\/div>\n<\/div>\n\n<div id=\"aritza-saenz-de-castillo\" class=\"wp-block-group has-global-padding is-layout-constrained wp-block-group-is-layout-constrained\">\n<div style=\"height:30px\" aria-hidden=\"true\" class=\"wp-block-spacer\"><\/div>\n\n\n\n<h2 class=\"wp-block-heading\">Aritza S\u00e1enz del Castillo<\/h2>\n\n\n\n<div class=\"wp-block-columns is-layout-flex wp-container-core-columns-is-layout-28f84493 wp-block-columns-is-layout-flex\">\n<div class=\"wp-block-column is-layout-flow wp-block-column-is-layout-flow\">\n<p>Doctor en Historia Contempor\u00e1nea por la Universidad del Pa\u00eds Vasco\/Euskal Herriko Unibertsitatea (UPV\/EHU) en 2013 con la tesis \u00abLa participaci\u00f3n de las mujeres en el mercado laboral vitoriano (1950-1975)\u00bb, que fue merecedora del Premio Micaela Portilla a la mejor tesis sobre estudios feministas y de g\u00e9nero de la UPV\/EHU en 2014. Micaela Portilla saria jaso zuen, EHUko ikasketa feministei eta generoari buruzko tesi onenarena, 2014an. Desde el doctorado, su trayectoria profesional ha estado vinculada a la ense\u00f1anza-aprendizaje de la Historia y las Ciencias Sociales, bien en la Educaci\u00f3n Secundaria Obligatoria- Bachiller como en la Facultad de Educaci\u00f3n y Deporte de Vitoria-Gasteiz con alumnado de formaci\u00f3n del profesorado. Esto le ha permitido desarrollar su tarea investigadora en estos dos campos tan interrelacionados como son la Historia y la Did\u00e1ctica de la Historia y las Ciencias Sociales. As\u00ed, sus principales l\u00edneas de investigaci\u00f3n giran en torno a la Historia de las Mujeres, la Historia Social y del Trabajo, as\u00ed como el an\u00e1lisis de la Ense\u00f1anza-Aprendizaje de la Historia y las Ciencias Sociales. Fruto de esta labor profesional e investigadora cuenta con numerosas publicaciones de muy diversa naturaleza (monograf\u00edas, cap\u00edtulos de libro, art\u00edculos&#8230;) en las \u00e1reas de conocimiento citadas. Tambi\u00e9n ha participado en el m\u00f3dulo Adi-adian.<\/p>\n\n\n\n<ul class=\"wp-block-list\">\n<li>Research Gate: <a href=\"https:\/\/www.researchgate.net\/profile\/Aritza-Saenz\">https:\/\/www.researchgate.net\/profile\/Aritza-Saenz<\/a><\/li>\n\n\n\n<li>ORCID: <a href=\"https:\/\/orcid.org\/0000-0002-9302-0830\">0000-0002-9302-0830<\/a> <\/li>\n<\/ul>\n<\/div>\n\n\n\n<div class=\"wp-block-column is-layout-flow wp-block-column-is-layout-flow\" style=\"flex-basis:150px\">\n<figure class=\"wp-block-image size-full\"><img loading=\"lazy\" decoding=\"async\" width=\"372\" height=\"484\" src=\"https:\/\/oroimenhez.eus\/wp-content\/uploads\/2025\/03\/aritza-saenz.jpg\" alt=\"\" class=\"wp-image-228\" srcset=\"https:\/\/oroimenhez.eus\/wp-content\/uploads\/2025\/03\/aritza-saenz.jpg 372w, https:\/\/oroimenhez.eus\/wp-content\/uploads\/2025\/03\/aritza-saenz-231x300.jpg 231w\" sizes=\"auto, (max-width: 372px) 100vw, 372px\" \/><\/figure>\n<\/div>\n<\/div>\n<\/div>\n\n<div id=\"joseba-inaki-arregi-orue\" class=\"wp-block-group has-global-padding is-layout-constrained wp-block-group-is-layout-constrained\">\n<div style=\"height:30px\" aria-hidden=\"true\" class=\"wp-block-spacer\"><\/div>\n\n\n\n<h2 class=\"wp-block-heading\">Joseba I\u00f1aki Arregi-Orue<\/h2>\n\n\n\n<div class=\"wp-block-columns is-layout-flex wp-container-core-columns-is-layout-28f84493 wp-block-columns-is-layout-flex\">\n<div class=\"wp-block-column is-layout-flow wp-block-column-is-layout-flow\">\n<p>Profesor Agregado en el Departamento de Did\u00e1ctica de las Matem\u00e1ticas, Ciencias Experimentales y Sociales de la Universidad del Pa\u00eds Vasco, donde desarrolla su actividad docente e investigadora desde 2011. Anteriormente, su actividad docente estuvo vinculada al Departamento de Espa\u00f1ol y Portugu\u00e9s de la Universidad de Iowa en Estados Unidos (como asistente docente 1990-1993) y al Programa de Formaci\u00f3n de L\u00edderes Ind\u00edgenas desarrollado por el Instituto Pedro Arrupe de la Universidad de Deusto y la Oficina del Alto Comisionado para los Derechos Humanos de Naciones Unidas (2000-2015). Licenciado en Periodismo y Ciencias de la Comunicaci\u00f3n por la UPV\/EHU (1989), M\u00e1ster en Periodismo y Estudios Globales por la Universidad de Iowa (1993) y Doctor en Ciencias Pol\u00edticas por la UPV\/EHU (2010).<\/p>\n\n\n\n<p>Adem\u00e1s, es miembro del Grupo Consolidado de investigaci\u00f3n Biography&amp; Parlament. En este grupo de una amplia y contrastada investigaci\u00f3n en el campo del estudio de \u00e9lites pol\u00edticas, desarrolla una l\u00ednea sobre educaci\u00f3n para la ciudadan\u00eda democr\u00e1tica mundial (agenda ODS 2020-30, uso de temas controvertidos con especial atenci\u00f3n a la resiliencia cultural en el mundo globalizado-conflictos de baja intensidad-pueblos ind\u00edgenas, y la interculturalidad mediante la contribuci\u00f3n de la di\u00e1spora vasca). En este caso, prestando especial atenci\u00f3n a la agenda GJS 2020-30 y a los temas controvertidos, pone el foco en la resiliencia cultural que se da en el mundo globalizado -en conflictos de baja intensidad \u2013 en los pueblos ind\u00edgenas y en la interculturalidad, principal a trav\u00e9s de la aportaci\u00f3n de la di\u00e1spora vasca-. En el \u00e1mbito de la gesti\u00f3n, es coordinador del Minor en Interculturalidad de la citada Facultad.<\/p>\n\n\n\n<ul class=\"wp-block-list\">\n<li>Research Gate: <a href=\"https:\/\/www.researchgate.net\/profile\/Joseba-Arregi-Orue\">https:\/\/www.researchgate.net\/profile\/Joseba-Arregi-Orue<\/a> <\/li>\n\n\n\n<li>ORCID: <a href=\"https:\/\/orcid.org\/0000-0002-6221-1773\">0000-0002-6221-1773<\/a> <\/li>\n\n\n\n<li>Google Scholar: <a href=\"https:\/\/scholar.google.es\/citations?hl=es&amp;user=ptulQq8AAAAJ\">https:\/\/scholar.google.es\/citations?hl=es&amp;user=ptulQq8AAAAJ<\/a> <\/li>\n<\/ul>\n<\/div>\n\n\n\n<div class=\"wp-block-column is-layout-flow wp-block-column-is-layout-flow\" style=\"flex-basis:150px\">\n<figure class=\"wp-block-image size-full\"><img loading=\"lazy\" decoding=\"async\" width=\"372\" height=\"484\" src=\"https:\/\/oroimenhez.eus\/wp-content\/uploads\/2025\/03\/joseba-orregi.jpg\" alt=\"\" class=\"wp-image-229\" srcset=\"https:\/\/oroimenhez.eus\/wp-content\/uploads\/2025\/03\/joseba-orregi.jpg 372w, https:\/\/oroimenhez.eus\/wp-content\/uploads\/2025\/03\/joseba-orregi-231x300.jpg 231w\" sizes=\"auto, (max-width: 372px) 100vw, 372px\" \/><\/figure>\n<\/div>\n<\/div>\n<\/div>\n\n<div id=\"amaia-mariezkurrena-serrano\" class=\"wp-block-group has-global-padding is-layout-constrained wp-block-group-is-layout-constrained\">\n<div style=\"height:30px\" aria-hidden=\"true\" class=\"wp-block-spacer\"><\/div>\n\n\n\n<h2 class=\"wp-block-heading\">Amaia Mariezkurrena-Serrano<\/h2>\n\n\n\n<div class=\"wp-block-columns is-layout-flex wp-container-core-columns-is-layout-28f84493 wp-block-columns-is-layout-flex\">\n<div class=\"wp-block-column is-layout-flow wp-block-column-is-layout-flow\">\n<p>Hezkuntza, Filosofia eta Antropologia fakultateko Hizkuntzaren eta Literaturaren Didaktika saileko irakaslea da Euskal Herriko Unibertsitatean (EHU). Profesora en el Departamento de Did\u00e1ctica de la Lengua y la Literatura de la Facultad de Educaci\u00f3n, Filosof\u00eda y Antropolog\u00eda de la Universidad del Pa\u00eds Vasco (EHU). Est\u00e1 diplomada en Educaci\u00f3n Primaria y Lenguas Extranjeras, y licenciada en Filolog\u00eda Vasca. Realiz\u00f3 el m\u00e1ster en Literatura Comparada y Estudios Literarios en la EHU y defendi\u00f3 su tesis doctoral en el mismo programa, titulada La Guerra del 36 en la novela vasca: un estudio de la memoria desde la narratolog\u00eda cultural, que recibi\u00f3 el Premio Especial de la EHU.<\/p>\n\n\n\n<p>Ha participado en numerosos proyectos de investigaci\u00f3n de la EHU y sus l\u00edneas de investigaci\u00f3n incluyen la cr\u00edtica feminista, estudios de g\u00e9nero, memoria hist\u00f3rica, memoria cultural y educaci\u00f3n literaria. Ha realizado dos estancias de investigaci\u00f3n previas al doctorado, en la UPPAn (Baiona) y en la Universidad de Aarhus (Dinamarca), y una estancia postdoctoral en la Universidad Aut\u00f3noma de Madrid (UAM). Actualmente, es miembro del <a href=\"https:\/\/www.hariaktaldea.net\/hasiera-bi\">grupo de investigaci\u00f3n Hariak<\/a>. Investigaciones Feministas sobre Literatura y Artes (GIU 22\/08).<\/p>\n\n\n\n<p>Es coordinadora del proyecto de innovaci\u00f3n educativa GATAI en la EHU, junto con Ursula Luna, que ofrece formaci\u00f3n sobre el uso de \u00e1lbumes ilustrados para tratar temas conflictivos y desarrollar la educaci\u00f3n literaria a estudiantes del Grado en Educaci\u00f3n Primaria y a docentes de varios centros educativos. <\/p>\n\n\n\n<p>Tambi\u00e9n ha trabajado en divulgaci\u00f3n, colaborando en la cr\u00edtica de libros en la revista Argia y en los peri\u00f3dicos pedag\u00f3gicos HikHasi y HaziHezi.<\/p>\n\n\n\n<ul class=\"wp-block-list\">\n<li>Research Gate: <a href=\"https:\/\/www.researchgate.net\/profile\/Amaia-Serrano-Mariezkurrena\">https:\/\/www.researchgate.net\/profile\/Amaia-Serrano-Mariezkurrena<\/a><\/li>\n\n\n\n<li>ORCID: <a href=\"https:\/\/orcid.org\/0000-0001-5336-6311\">0000-0001-5336-6311<\/a><\/li>\n\n\n\n<li>Google Scholar: <a href=\"https:\/\/scholar.google.es\/citations?user=_8SlGrcAAAAJ\">https:\/\/scholar.google.es\/citations?user=_8SlGrcAAAAJ<\/a><\/li>\n<\/ul>\n<\/div>\n\n\n\n<div class=\"wp-block-column is-layout-flow wp-block-column-is-layout-flow\" style=\"flex-basis:150px\">\n<figure class=\"wp-block-image size-full\"><img loading=\"lazy\" decoding=\"async\" width=\"372\" height=\"484\" src=\"https:\/\/oroimenhez.eus\/wp-content\/uploads\/2025\/03\/amaia-serrano.jpg\" alt=\"\" class=\"wp-image-231\" srcset=\"https:\/\/oroimenhez.eus\/wp-content\/uploads\/2025\/03\/amaia-serrano.jpg 372w, https:\/\/oroimenhez.eus\/wp-content\/uploads\/2025\/03\/amaia-serrano-231x300.jpg 231w\" sizes=\"auto, (max-width: 372px) 100vw, 372px\" \/><\/figure>\n<\/div>\n<\/div>\n<\/div>\n","protected":false},"excerpt":{"rendered":"<p>Sara Gaskue Graduada en Educaci\u00f3n Primaria con menci\u00f3n en Proyectos de Innovaci\u00f3n Educativa en la Universidad del Pa\u00eds Vasco (2019), tiene un posgrado en Psicodid\u00e1ctica: Psicolog\u00eda de la Educaci\u00f3n y Did\u00e1cticas Espec\u00edficas en la misma universidad (2020), y graduada en Pedagog\u00eda por la Universidad Internacional de La Rioja (2024). Fue miembro del grupo de investigaci\u00f3n [&hellip;]<\/p>\n","protected":false},"author":1,"featured_media":0,"parent":601,"menu_order":0,"comment_status":"closed","ping_status":"closed","template":"","meta":{"_acf_changed":false,"footnotes":""},"class_list":["post-647","page","type-page","status-publish","hentry"],"acf":[],"_links":{"self":[{"href":"https:\/\/oroimenhez.eus\/es\/wp-json\/wp\/v2\/pages\/647","targetHints":{"allow":["GET"]}}],"collection":[{"href":"https:\/\/oroimenhez.eus\/es\/wp-json\/wp\/v2\/pages"}],"about":[{"href":"https:\/\/oroimenhez.eus\/es\/wp-json\/wp\/v2\/types\/page"}],"author":[{"embeddable":true,"href":"https:\/\/oroimenhez.eus\/es\/wp-json\/wp\/v2\/users\/1"}],"replies":[{"embeddable":true,"href":"https:\/\/oroimenhez.eus\/es\/wp-json\/wp\/v2\/comments?post=647"}],"version-history":[{"count":3,"href":"https:\/\/oroimenhez.eus\/es\/wp-json\/wp\/v2\/pages\/647\/revisions"}],"predecessor-version":[{"id":1028,"href":"https:\/\/oroimenhez.eus\/es\/wp-json\/wp\/v2\/pages\/647\/revisions\/1028"}],"up":[{"embeddable":true,"href":"https:\/\/oroimenhez.eus\/es\/wp-json\/wp\/v2\/pages\/601"}],"wp:attachment":[{"href":"https:\/\/oroimenhez.eus\/es\/wp-json\/wp\/v2\/media?parent=647"}],"curies":[{"name":"wp","href":"https:\/\/api.w.org\/{rel}","templated":true}]}}