{"id":638,"date":"2025-03-27T12:57:47","date_gmt":"2025-03-27T11:57:47","guid":{"rendered":"https:\/\/oroimenhez.eus\/que-hacemos\/"},"modified":"2025-10-16T13:52:39","modified_gmt":"2025-10-16T12:52:39","slug":"que-hacemos","status":"publish","type":"page","link":"https:\/\/oroimenhez.eus\/es\/que-hacemos\/","title":{"rendered":"Qu\u00e9 hacemos"},"content":{"rendered":"\n<p class=\"tg1\">Nuestras l\u00edneas de investigaci\u00f3n se centran en c\u00f3mo abordar cuestiones socialmente controvertidas y en c\u00f3mo \u00e9stas inciden en la construcci\u00f3n de ciudadanos cr\u00edticos y comprometidos. En este marco, uno de nuestros principales objetivos es investigar los procesos educativos en las sociedades post-violencia, teniendo en cuenta c\u00f3mo el tratamiento de la memoria hist\u00f3rica y la violencia de motivaci\u00f3n pol\u00edtica en las aulas puede contribuir a la construcci\u00f3n de una cultura de paz, di\u00e1logo y reconciliaci\u00f3n. A trav\u00e9s de nuestras investigaciones evaluamos si el abordaje de estas cuestiones en la formaci\u00f3n inicial del profesorado contribuye al desarrollo del pensamiento hist\u00f3rico y cr\u00edtico, promoviendo una convivencia basada en los valores democr\u00e1ticos, el respeto a los derechos humanos y la justicia social.<\/p>\n\n<div class=\"wp-block-columns is-layout-flex wp-container-core-columns-is-layout-28f84493 wp-block-columns-is-layout-flex\">\n<div class=\"wp-block-column is-layout-flow wp-block-column-is-layout-flow\">\n<h2 class=\"wp-block-heading has-text-align-center has-text-color has-link-color wp-elements-b7df2fa431da0a79d6c4e0c027b782cb\" style=\"color:#7cad53;margin-top:var(--wp--preset--spacing--30)\">Proyectos<\/h2>\n\n\n\n<div class=\"wp-block-buttons is-content-justification-center is-layout-flex wp-container-core-buttons-is-layout-a89b3969 wp-block-buttons-is-layout-flex\">\n<div class=\"wp-block-button\"><a class=\"wp-block-button__link wp-element-button\" href=\"https:\/\/oroimenhez.eus\/es\/que-hacemos\/proyectos\/\">Nuestros proyectos<\/a><\/div>\n<\/div>\n<\/div>\n\n\n\n<div class=\"wp-block-column is-layout-flow wp-block-column-is-layout-flow\">\n<h2 class=\"wp-block-heading has-text-align-center has-text-color has-link-color wp-elements-bcceaea3dc993fdf0d58b4092dc00d43\" style=\"color:#7cad53;margin-top:var(--wp--preset--spacing--30)\">Formaci\u00f3n de investigadores<\/h2>\n\n\n\n<div class=\"wp-block-buttons is-content-justification-center is-layout-flex wp-container-core-buttons-is-layout-a89b3969 wp-block-buttons-is-layout-flex\">\n<div class=\"wp-block-button\"><a class=\"wp-block-button__link wp-element-button\" href=\"https:\/\/oroimenhez.eus\/es\/que-hacemos\/formacion-de-investigadores\/#tesis\">Tesis<\/a><\/div>\n\n\n\n<div class=\"wp-block-button\"><a class=\"wp-block-button__link wp-element-button\" href=\"https:\/\/oroimenhez.eus\/es\/que-hacemos\/formacion-de-investigadores\/#tfm\">Trabajos de Fin de M\u00e1ster<\/a><\/div>\n\n\n\n<div class=\"wp-block-button\"><a class=\"wp-block-button__link wp-element-button\" href=\"https:\/\/oroimenhez.eus\/es\/que-hacemos\/formacion-de-investigadores\/#tfg\">Trabajos de fin de Grado<\/a><\/div>\n<\/div>\n<\/div>\n<\/div>\n\n<div class=\"wp-block-columns is-layout-flex wp-container-core-columns-is-layout-28f84493 wp-block-columns-is-layout-flex\">\n<div class=\"wp-block-column is-layout-flow wp-block-column-is-layout-flow\">\n<h2 class=\"wp-block-heading has-text-align-center has-text-color has-link-color wp-elements-9635f7e1fb65fbf72efb2e4bf4cc1f2b\" style=\"color:#7cad53;margin-top:var(--wp--preset--spacing--30)\">Producci\u00f3n cient\u00edfica<\/h2>\n\n\n\n<div class=\"wp-block-buttons is-content-justification-center is-layout-flex wp-container-core-buttons-is-layout-a89b3969 wp-block-buttons-is-layout-flex\">\n<div class=\"wp-block-button\"><a class=\"wp-block-button__link wp-element-button\" href=\"https:\/\/oroimenhez.eus\/es\/que-hacemos\/produccion-cientifica\/articulos\/\"><strong>ART\u00cdCULOS<\/strong><\/a><\/div>\n\n\n\n<div class=\"wp-block-button\"><a class=\"wp-block-button__link wp-element-button\" href=\"https:\/\/oroimenhez.eus\/es\/que-hacemos\/produccion-cientifica\/capitulos\/\"><strong>CAP\u00cdTULOS<\/strong><\/a><\/div>\n\n\n\n<div class=\"wp-block-button is-style-outline is-style-outline--1\"><a class=\"wp-block-button__link wp-element-button\" href=\"https:\/\/oroimenhez.eus\/es\/produccion-y-divulgacion\/\">Buscador<\/a><\/div>\n<\/div>\n<\/div>\n\n\n\n<div class=\"wp-block-column is-layout-flow wp-block-column-is-layout-flow\">\n<h2 class=\"wp-block-heading has-text-align-center has-text-color has-link-color wp-elements-223160c202e6f0a95e13cce214414dcc\" style=\"color:#7cad53;margin-top:var(--wp--preset--spacing--30)\">Dibulgaci\u00f3n cient\u00edfica<\/h2>\n\n\n\n<div class=\"wp-block-buttons is-content-justification-center is-layout-flex wp-container-core-buttons-is-layout-a89b3969 wp-block-buttons-is-layout-flex\">\n<div class=\"wp-block-button\"><a class=\"wp-block-button__link wp-element-button\" href=\"https:\/\/oroimenhez.eus\/es\/que-hacemos\/dibulgacion-cientifica\/ponencias-y-congresos\/\">PONENCIAS Y CONGRESOS<\/a><\/div>\n\n\n\n<div class=\"wp-block-button is-style-outline is-style-outline--2\"><a class=\"wp-block-button__link wp-element-button\" href=\"https:\/\/oroimenhez.eus\/es\/produccion-y-divulgacion\/\">Buscador<\/a><\/div>\n<\/div>\n<\/div>\n<\/div>\n","protected":false},"excerpt":{"rendered":"<p>Nuestras l\u00edneas de investigaci\u00f3n se centran en c\u00f3mo abordar cuestiones socialmente controvertidas y en c\u00f3mo \u00e9stas inciden en la construcci\u00f3n de ciudadanos cr\u00edticos y comprometidos. En este marco, uno de nuestros principales objetivos es investigar los procesos educativos en las sociedades post-violencia, teniendo en cuenta c\u00f3mo el tratamiento de la memoria hist\u00f3rica y la violencia [&hellip;]<\/p>\n","protected":false},"author":1,"featured_media":0,"parent":0,"menu_order":0,"comment_status":"closed","ping_status":"closed","template":"","meta":{"_acf_changed":false,"footnotes":""},"class_list":["post-638","page","type-page","status-publish","hentry"],"acf":[],"_links":{"self":[{"href":"https:\/\/oroimenhez.eus\/es\/wp-json\/wp\/v2\/pages\/638","targetHints":{"allow":["GET"]}}],"collection":[{"href":"https:\/\/oroimenhez.eus\/es\/wp-json\/wp\/v2\/pages"}],"about":[{"href":"https:\/\/oroimenhez.eus\/es\/wp-json\/wp\/v2\/types\/page"}],"author":[{"embeddable":true,"href":"https:\/\/oroimenhez.eus\/es\/wp-json\/wp\/v2\/users\/1"}],"replies":[{"embeddable":true,"href":"https:\/\/oroimenhez.eus\/es\/wp-json\/wp\/v2\/comments?post=638"}],"version-history":[{"count":0,"href":"https:\/\/oroimenhez.eus\/es\/wp-json\/wp\/v2\/pages\/638\/revisions"}],"wp:attachment":[{"href":"https:\/\/oroimenhez.eus\/es\/wp-json\/wp\/v2\/media?parent=638"}],"curies":[{"name":"wp","href":"https:\/\/api.w.org\/{rel}","templated":true}]}}