{"id":636,"date":"2025-03-27T13:18:45","date_gmt":"2025-03-27T12:18:45","guid":{"rendered":"https:\/\/oroimenhez.eus\/proyectos\/"},"modified":"2025-11-27T09:55:45","modified_gmt":"2025-11-27T08:55:45","slug":"proyectos","status":"publish","type":"page","link":"https:\/\/oroimenhez.eus\/es\/que-hacemos\/proyectos\/","title":{"rendered":"Proyectos"},"content":{"rendered":"\n<h2 class=\"wp-block-heading is-style-default has-accent-4-color has-text-color has-link-color wp-elements-7b32c72d7a82d667e3d47b001a6a5932\">MEMORIA Y CONVIVENCIA<\/h2>\n\n<ul class=\"wp-block-list\">\n<li>T\u00edtulo: Convivencia y Memoria: Desarrollo del plan de convivencia en la Universidad del Pa\u00eds Vasco<\/li>\n\n\n\n<li>Objetivo: Promover el conocimiento y la reflexi\u00f3n sobre el contexto de conflicto de las \u00faltimas d\u00e9cadas en Euskal Herria, adem\u00e1s de desarrollar competencias en la ense\u00f1anza de las ciencias sociales, la educaci\u00f3n en derechos humanos, la paz y el abordaje de conflictos.<\/li>\n\n\n\n<li>C\u00f3digo: HBP2019-20\/102<\/li>\n\n\n\n<li>Entidad financiera: Vicerrectorado de Innovaci\u00f3n, Compromiso Social y Acci\u00f3n Cultural de la Universidad del Pa\u00eds Vasco\/Euskal Herriko Unibertsitatea.<\/li>\n<\/ul>\n\n<div style=\"height:35px\" aria-hidden=\"true\" class=\"wp-block-spacer\"><\/div>\n\n<h2 class=\"wp-block-heading is-style-default has-accent-4-color has-text-color has-link-color wp-elements-a7dd79d1aed851a20b1cb69bbdf4d3ba\">EDUCACI\u00d3N Y MEMORIA EN LAS SOCIEDADES POST-VIOLENCIA<\/h2>\n\n<ul class=\"wp-block-list\">\n<li>T\u00edtulo: Elkarbizitza eta Giza Eskubideen Planaren zabalpena UPV\/EHUn <\/li>\n\n\n\n<li>Objetivo: Promover una convivencia basada en el respeto, la justicia y la no violencia, reconociendo a las v\u00edctimas del pasado reciente violento de Euskal Herria y construyendo una memoria compartida y cr\u00edtica con el pasado.<\/li>\n\n\n\n<li>C\u00f3digo(OTRI): 2024.0244<\/li>\n\n\n\n<li>Entidad financiera: Eusko Jaurlaritza<\/li>\n<\/ul>\n\n<div style=\"height:35px\" aria-hidden=\"true\" class=\"wp-block-spacer\"><\/div>\n\n<h2 class=\"wp-block-heading is-style-default has-accent-4-color has-text-color has-link-color wp-elements-5e1bd67be26b3c248c8d4475f2e94f97\">EDUTECON<\/h2>\n\n<ul class=\"wp-block-list\">\n<li>T\u00edtulo: EDUTECON. Educar mediante temas controvertidos en y para el conflicto. Una investigaci\u00f3n a trav\u00e9s de estudios de caso en la formaci\u00f3n inicial del profesorado.  <\/li>\n\n\n\n<li>Objetivo: Trabajar el uso de temas controvertidos en la formaci\u00f3n inicial del profesorado para impulsar en el futuro una ense\u00f1anza de la historia basada en el pensamiento hist\u00f3rico y cr\u00edtico, promoviendo en las aulas la educaci\u00f3n para una ciudadan\u00eda transformadora, la educaci\u00f3n para la paz y los derechos humanos y la educaci\u00f3n en y para el conflicto.<\/li>\n\n\n\n<li>C\u00f3digo: PID223-150579NA-100<\/li>\n\n\n\n<li>Entidad financiera: Ministerio de Ciencia, Innovaci\u00f3n y Universidades<\/li>\n<\/ul>\n\n<div style=\"height:35px\" aria-hidden=\"true\" class=\"wp-block-spacer\"><\/div>\n\n<h2 class=\"wp-block-heading is-style-default has-accent-4-color has-text-color has-link-color wp-elements-38f610f8eacd9c31c9dbe68c4bd91ed4\">GATAI<\/h2>\n\n<ul class=\"wp-block-list\">\n<li>T\u00edtulo: GATAI. Gai gatazkatsuak eta album ilustratuak <\/li>\n\n\n\n<li>Objetivo: Se trata de fortalecer la relaci\u00f3n entre centros universitarios a trav\u00e9s del Servicio de Aprendizaje, trabajando temas conflictivos y fomentando la educaci\u00f3n para la ciudadan\u00eda y el pensamiento cr\u00edtico.<\/li>\n\n\n\n<li>C\u00f3digo: i3 25-02<\/li>\n\n\n\n<li>Entidad financiera: Universidad del Pa\u00eds Vasco (UPV) \/ Euskal Herriko Unibertsitatea (EHU)<\/li>\n\n\n\n<li>Web-orria: <a href=\"https:\/\/www.gatai.eus\/\">https:\/\/www.gatai.eus\/<\/a><\/li>\n<\/ul>\n","protected":false},"excerpt":{"rendered":"<p>MEMORIA Y CONVIVENCIA EDUCACI\u00d3N Y MEMORIA EN LAS SOCIEDADES POST-VIOLENCIA EDUTECON GATAI<\/p>\n","protected":false},"author":1,"featured_media":0,"parent":638,"menu_order":0,"comment_status":"closed","ping_status":"closed","template":"","meta":{"_acf_changed":false,"footnotes":""},"class_list":["post-636","page","type-page","status-publish","hentry"],"acf":[],"_links":{"self":[{"href":"https:\/\/oroimenhez.eus\/es\/wp-json\/wp\/v2\/pages\/636","targetHints":{"allow":["GET"]}}],"collection":[{"href":"https:\/\/oroimenhez.eus\/es\/wp-json\/wp\/v2\/pages"}],"about":[{"href":"https:\/\/oroimenhez.eus\/es\/wp-json\/wp\/v2\/types\/page"}],"author":[{"embeddable":true,"href":"https:\/\/oroimenhez.eus\/es\/wp-json\/wp\/v2\/users\/1"}],"replies":[{"embeddable":true,"href":"https:\/\/oroimenhez.eus\/es\/wp-json\/wp\/v2\/comments?post=636"}],"version-history":[{"count":2,"href":"https:\/\/oroimenhez.eus\/es\/wp-json\/wp\/v2\/pages\/636\/revisions"}],"predecessor-version":[{"id":1015,"href":"https:\/\/oroimenhez.eus\/es\/wp-json\/wp\/v2\/pages\/636\/revisions\/1015"}],"up":[{"embeddable":true,"href":"https:\/\/oroimenhez.eus\/es\/wp-json\/wp\/v2\/pages\/638"}],"wp:attachment":[{"href":"https:\/\/oroimenhez.eus\/es\/wp-json\/wp\/v2\/media?parent=636"}],"curies":[{"name":"wp","href":"https:\/\/api.w.org\/{rel}","templated":true}]}}