{"id":616,"date":"2025-03-25T23:56:10","date_gmt":"2025-03-25T22:56:10","guid":{"rendered":"https:\/\/oroimenhez.eus\/socios-y-colaboradores\/"},"modified":"2025-10-16T13:17:36","modified_gmt":"2025-10-16T12:17:36","slug":"colaboracion-y-socios","status":"publish","type":"page","link":"https:\/\/oroimenhez.eus\/es\/colaboracion-y-socios\/","title":{"rendered":"Colaboraci\u00f3n y Socios"},"content":{"rendered":"\n<div style=\"height:20px\" aria-hidden=\"true\" class=\"wp-block-spacer\"><\/div>\n\n<div class=\"wp-block-columns is-layout-flex wp-container-core-columns-is-layout-28f84493 wp-block-columns-is-layout-flex\">\n<div class=\"wp-block-column is-layout-flow wp-block-column-is-layout-flow\" style=\"flex-basis:100%\">\n<pre class=\"wp-block-preformatted\"><strong>red14<\/strong>:<br\/><a href=\"https:\/\/red14.net\/\" target=\"_blank\" rel=\"noreferrer noopener\">https:\/\/red14.net<\/a><\/pre>\n<\/div>\n\n\n\n<div class=\"wp-block-column is-layout-flow wp-block-column-is-layout-flow\" style=\"flex-basis:100%\">\n<figure class=\"wp-block-image alignright size-full\"><a href=\"https:\/\/red14.net\/\" target=\"_blank\" rel=\" noreferrer noopener\"><img loading=\"lazy\" decoding=\"async\" width=\"385\" height=\"135\" src=\"https:\/\/oroimenhez.eus\/wp-content\/uploads\/2025\/03\/red14.png\" alt=\"\" class=\"wp-image-196\" srcset=\"https:\/\/oroimenhez.eus\/wp-content\/uploads\/2025\/03\/red14.png 385w, https:\/\/oroimenhez.eus\/wp-content\/uploads\/2025\/03\/red14-300x105.png 300w\" sizes=\"auto, (max-width: 385px) 100vw, 385px\" \/><\/a><\/figure>\n<\/div>\n<\/div>\n\n<div class=\"wp-block-columns is-layout-flex wp-container-core-columns-is-layout-28f84493 wp-block-columns-is-layout-flex\">\n<div class=\"wp-block-column is-layout-flow wp-block-column-is-layout-flow\" style=\"flex-basis:100%\">\n<pre class=\"wp-block-preformatted\"><strong>Baketik<\/strong>: <br\/><a href=\"https:\/\/baketik.org\/\" data-type=\"link\" data-id=\"https:\/\/baketik.org\/\" target=\"_blank\" rel=\"noreferrer noopener\">https:\/\/baketik.org<\/a><\/pre>\n<\/div>\n\n\n\n<div class=\"wp-block-column is-layout-flow wp-block-column-is-layout-flow\" style=\"flex-basis:100%\">\n<figure class=\"wp-block-image alignright size-full\"><a href=\"https:\/\/baketik.org\/\" target=\"_blank\" rel=\" noreferrer noopener\"><img loading=\"lazy\" decoding=\"async\" width=\"385\" height=\"135\" src=\"https:\/\/oroimenhez.eus\/wp-content\/uploads\/2025\/03\/baketik.png\" alt=\"\" class=\"wp-image-205\" srcset=\"https:\/\/oroimenhez.eus\/wp-content\/uploads\/2025\/03\/baketik.png 385w, https:\/\/oroimenhez.eus\/wp-content\/uploads\/2025\/03\/baketik-300x105.png 300w\" sizes=\"auto, (max-width: 385px) 100vw, 385px\" \/><\/a><\/figure>\n<\/div>\n<\/div>\n\n<div class=\"wp-block-columns is-layout-flex wp-container-core-columns-is-layout-28f84493 wp-block-columns-is-layout-flex\">\n<div class=\"wp-block-column is-layout-flow wp-block-column-is-layout-flow\" style=\"flex-basis:100%\">\n<pre class=\"wp-block-preformatted\"><strong>Bakeola<\/strong>: <br\/><a href=\"https:\/\/foroderechoshumanos.org\/eu\/bakeola-centro-para-la-mediacion-y-regulacion-de-conflictos-fundacion-ede\/\" data-type=\"link\" data-id=\"https:\/\/baketik.org\/\" target=\"_blank\" rel=\"noreferrer noopener\">https:\/\/foroderechoshumanos.org\/eu\/bakeola...<\/a><\/pre>\n<\/div>\n\n\n\n<div class=\"wp-block-column is-layout-flow wp-block-column-is-layout-flow\" style=\"flex-basis:100%\">\n<figure class=\"wp-block-image alignright size-full\"><img loading=\"lazy\" decoding=\"async\" width=\"385\" height=\"135\" src=\"https:\/\/oroimenhez.eus\/wp-content\/uploads\/2025\/03\/bakeola.png\" alt=\"\" class=\"wp-image-204\" srcset=\"https:\/\/oroimenhez.eus\/wp-content\/uploads\/2025\/03\/bakeola.png 385w, https:\/\/oroimenhez.eus\/wp-content\/uploads\/2025\/03\/bakeola-300x105.png 300w\" sizes=\"auto, (max-width: 385px) 100vw, 385px\" \/><\/figure>\n<\/div>\n<\/div>\n\n<div class=\"wp-block-columns is-layout-flex wp-container-core-columns-is-layout-28f84493 wp-block-columns-is-layout-flex\">\n<div class=\"wp-block-column is-layout-flow wp-block-column-is-layout-flow\" style=\"flex-basis:100%\">\n<pre class=\"wp-block-preformatted\"><strong>GEUZ<\/strong>: <br\/><a href=\"https:\/\/geuz.es\" target=\"_blank\" rel=\"noreferrer noopener\">https:\/\/geuz.es<\/a><\/pre>\n<\/div>\n\n\n\n<div class=\"wp-block-column is-layout-flow wp-block-column-is-layout-flow\" style=\"flex-basis:100%\">\n<figure class=\"wp-block-image alignright size-full\"><img loading=\"lazy\" decoding=\"async\" width=\"385\" height=\"135\" src=\"https:\/\/oroimenhez.eus\/wp-content\/uploads\/2025\/03\/geuz.png\" alt=\"\" class=\"wp-image-207\" srcset=\"https:\/\/oroimenhez.eus\/wp-content\/uploads\/2025\/03\/geuz.png 385w, https:\/\/oroimenhez.eus\/wp-content\/uploads\/2025\/03\/geuz-300x105.png 300w\" sizes=\"auto, (max-width: 385px) 100vw, 385px\" \/><\/figure>\n<\/div>\n<\/div>\n\n<div class=\"wp-block-columns is-layout-flex wp-container-core-columns-is-layout-28f84493 wp-block-columns-is-layout-flex\">\n<div class=\"wp-block-column is-layout-flow wp-block-column-is-layout-flow\" style=\"flex-basis:100%\">\n<pre class=\"wp-block-preformatted\"><strong>Eusko Jaurlaritza<\/strong>:<br\/>Viceconsejer\u00eda de Derechos Humanos, Memoria y Cooperaci\u00f3n.<br\/>Direcci\u00f3n de Derechos Humanos, V\u00edctimas y Diversidad.<br\/><\/pre>\n<\/div>\n\n\n\n<div class=\"wp-block-column is-layout-flow wp-block-column-is-layout-flow\" style=\"flex-basis:100%\">\n<figure class=\"wp-block-image alignright size-full\"><img loading=\"lazy\" decoding=\"async\" width=\"385\" height=\"135\" src=\"https:\/\/oroimenhez.eus\/wp-content\/uploads\/2025\/03\/ejgv.png\" alt=\"\" class=\"wp-image-206\" srcset=\"https:\/\/oroimenhez.eus\/wp-content\/uploads\/2025\/03\/ejgv.png 385w, https:\/\/oroimenhez.eus\/wp-content\/uploads\/2025\/03\/ejgv-300x105.png 300w\" sizes=\"auto, (max-width: 385px) 100vw, 385px\" \/><\/figure>\n<\/div>\n<\/div>\n","protected":false},"excerpt":{"rendered":"<p>red14:https:\/\/red14.net Baketik: https:\/\/baketik.org Bakeola: https:\/\/foroderechoshumanos.org\/eu\/bakeola&#8230; GEUZ: https:\/\/geuz.es Eusko Jaurlaritza:Viceconsejer\u00eda de Derechos Humanos, Memoria y Cooperaci\u00f3n.Direcci\u00f3n de Derechos Humanos, V\u00edctimas y Diversidad.<\/p>\n","protected":false},"author":1,"featured_media":0,"parent":0,"menu_order":0,"comment_status":"closed","ping_status":"closed","template":"","meta":{"_acf_changed":false,"footnotes":""},"class_list":["post-616","page","type-page","status-publish","hentry"],"acf":[],"_links":{"self":[{"href":"https:\/\/oroimenhez.eus\/es\/wp-json\/wp\/v2\/pages\/616","targetHints":{"allow":["GET"]}}],"collection":[{"href":"https:\/\/oroimenhez.eus\/es\/wp-json\/wp\/v2\/pages"}],"about":[{"href":"https:\/\/oroimenhez.eus\/es\/wp-json\/wp\/v2\/types\/page"}],"author":[{"embeddable":true,"href":"https:\/\/oroimenhez.eus\/es\/wp-json\/wp\/v2\/users\/1"}],"replies":[{"embeddable":true,"href":"https:\/\/oroimenhez.eus\/es\/wp-json\/wp\/v2\/comments?post=616"}],"version-history":[{"count":0,"href":"https:\/\/oroimenhez.eus\/es\/wp-json\/wp\/v2\/pages\/616\/revisions"}],"wp:attachment":[{"href":"https:\/\/oroimenhez.eus\/es\/wp-json\/wp\/v2\/media?parent=616"}],"curies":[{"name":"wp","href":"https:\/\/api.w.org\/{rel}","templated":true}]}}