{"id":601,"date":"2025-03-03T09:43:26","date_gmt":"2025-03-03T08:43:26","guid":{"rendered":"https:\/\/oroimenhez.eus\/quienes-somos\/"},"modified":"2026-02-09T23:56:11","modified_gmt":"2026-02-09T22:56:11","slug":"quienes-somos","status":"publish","type":"page","link":"https:\/\/oroimenhez.eus\/es\/quienes-somos\/","title":{"rendered":"Qui\u00e9nes somos"},"content":{"rendered":"\n<p class=\"tg1\">Investigadores del \u00e1rea de Did\u00e1ctica de las Ciencias Sociales de la Universidad del Pa\u00eds Vasco (EHU) que tiene el n\u00facleo de GIPyPAC y otros grupos de investigaci\u00f3n que se ha comprometido a convertir la educaci\u00f3n en un instrumento para construir una sociedad m\u00e1s justa y pac\u00edfica.<\/p>\n\n<div style=\"height:20px\" aria-hidden=\"true\" class=\"wp-block-spacer\"><\/div>\n\n<div class=\"wp-block-columns is-layout-flex wp-container-core-columns-is-layout-28f84493 wp-block-columns-is-layout-flex\">\n<div class=\"wp-block-column is-layout-flow wp-block-column-is-layout-flow\">\n<h2 class=\"wp-block-heading has-text-align-left has-text-color has-link-color wp-elements-f9c99709260ab62e3a606d96b539ab41\" style=\"color:#7cad53\">Equipo de investigaci\u00f3n<\/h2>\n\n\n\n<div class=\"wp-block-buttons is-content-justification-left is-layout-flex wp-container-core-buttons-is-layout-fc4fd283 wp-block-buttons-is-layout-flex\">\n<div class=\"wp-block-button\"><a class=\"wp-block-button__link wp-element-button\" href=\"https:\/\/oroimenhez.eus\/es\/quienes-somos\/equipo-de-investigacion\/\"><strong>VER<\/strong><\/a><\/div>\n<\/div>\n\n\n\n<ul class=\"wp-block-list\">\n<li><a href=\"https:\/\/oroimenhez.eus\/es\/quienes-somos\/equipo-de-investigacion\/#alex-ibanez-exeberria\" data-type=\"page\" data-id=\"212\">Alex Ib\u00e1\u00f1ez-Etxeberria<\/a><\/li>\n\n\n\n<li><a href=\"https:\/\/oroimenhez.eus\/es\/quienes-somos\/equipo-de-investigacion\/#naiara-vicent\" data-type=\"page\" data-id=\"212\">Naiara Vicent<\/a><\/li>\n\n\n\n<li><a href=\"https:\/\/oroimenhez.eus\/es\/quienes-somos\/equipo-de-investigacion\/#leire-albas\" data-type=\"page\" data-id=\"212\">Leire Albas<\/a><\/li>\n\n\n\n<li><a href=\"https:\/\/oroimenhez.eus\/es\/quienes-somos\/equipo-de-investigacion\/#iratxe-gillate\" data-type=\"page\" data-id=\"212\">Iratxe Gillate<\/a><\/li>\n\n\n\n<li><a href=\"https:\/\/oroimenhez.eus\/es\/quienes-somos\/equipo-de-investigacion\/#janire-castrillo\" data-type=\"page\" data-id=\"212\">Janire Castrillo<\/a><\/li>\n\n\n\n<li><a href=\"https:\/\/oroimenhez.eus\/es\/quienes-somos\/equipo-de-investigacion\/#ursula-luna\" data-type=\"page\" data-id=\"212\">Ursula Luna<\/a><\/li>\n\n\n\n<li><a href=\"https:\/\/oroimenhez.eus\/es\/quienes-somos\/equipo-de-investigacion\/#berta-echeberria-arquero\" data-type=\"page\" data-id=\"212\">Berta Echeberria-Arquero<\/a><\/li>\n\n\n\n<li><a href=\"https:\/\/oroimenhez.eus\/es\/quienes-somos\/equipo-de-investigacion\/#teresa-campos-lopez\" data-type=\"page\" data-id=\"212\">Teresa Campos-L\u00f3pez<\/a><\/li>\n\n\n\n<li><a href=\"https:\/\/oroimenhez.eus\/es\/quienes-somos\/equipo-de-investigacion\/#maddi-elorza\" data-type=\"page\" data-id=\"212\">Maddi Elorza<\/a><\/li>\n\n\n\n<li><a href=\"https:\/\/oroimenhez.eus\/es\/quienes-somos\/equipo-de-investigacion\/#ander-delgado\" data-type=\"page\" data-id=\"212\">Ander Delgado<\/a><\/li>\n\n\n\n<li><a href=\"https:\/\/oroimenhez.eus\/es\/quienes-somos\/equipo-de-investigacion\/#nekane-aristondo\" data-type=\"page\" data-id=\"212\">Nekane Aristondo<\/a><\/li>\n\n\n\n<li><a href=\"https:\/\/oroimenhez.eus\/es\/quienes-somos\/equipo-de-investigacion\/#unai-nabaskues\" data-type=\"page\" data-id=\"212\">Unai Nabaskues<\/a><\/li>\n<\/ul>\n<\/div>\n\n\n\n<div class=\"wp-block-column is-layout-flow wp-block-column-is-layout-flow\">\n<h2 class=\"wp-block-heading has-text-align-left has-text-color has-link-color wp-elements-03faa473a9646cf17c3fba8721029628\" style=\"color:#7cad53\">Colaboradores\/as<\/h2>\n\n\n\n<div class=\"wp-block-buttons is-content-justification-left is-layout-flex wp-container-core-buttons-is-layout-fc4fd283 wp-block-buttons-is-layout-flex\">\n<div class=\"wp-block-button\"><a class=\"wp-block-button__link wp-element-button\" href=\"https:\/\/oroimenhez.eus\/es\/quienes-somos\/colaboradores-as\/\"><strong>VER<\/strong><\/a><\/div>\n<\/div>\n\n\n\n<ul class=\"wp-block-list\">\n<li><a href=\"https:\/\/oroimenhez.eus\/es\/quienes-somos\/colaboradores-as\/#sara-gaskue\" data-type=\"page\" data-id=\"219\">Sara Gaskue<\/a><\/li>\n\n\n\n<li><a href=\"https:\/\/oroimenhez.eus\/es\/quienes-somos\/colaboradores-as\/#olatz-aranguren-juaristi\" data-type=\"page\" data-id=\"219\">Olatz Aranguren-Juaristi<\/a><\/li>\n\n\n\n<li><a href=\"https:\/\/oroimenhez.eus\/es\/quienes-somos\/colaboradores-as\/#pello-urkidi\" data-type=\"page\" data-id=\"219\">Pello Urkidi<\/a><\/li>\n\n\n\n<li><a href=\"https:\/\/oroimenhez.eus\/es\/quienes-somos\/colaboradores-as\/#dorleta-apaolaza\" data-type=\"page\" data-id=\"219\">Dorleta Apaolaza<\/a><\/li>\n\n\n\n<li><a href=\"https:\/\/oroimenhez.eus\/es\/quienes-somos\/colaboradores-as\/#amaia-lamikiz\" data-type=\"page\" data-id=\"219\">Amaia Lamikiz<\/a><\/li>\n\n\n\n<li><a href=\"https:\/\/oroimenhez.eus\/es\/quienes-somos\/colaboradores-as\/#aritza-saenz-del-castillo\" data-type=\"page\" data-id=\"219\">Aritza S\u00e1enz del Castillo<\/a><\/li>\n\n\n\n<li><a href=\"https:\/\/oroimenhez.eus\/es\/quienes-somos\/colaboradores-as\/#joseba-inakiarregi-orue\" data-type=\"page\" data-id=\"219\">Joseba I\u00f1aki Arregi-Orue<\/a><\/li>\n\n\n\n<li><a href=\"https:\/\/oroimenhez.eus\/es\/quienes-somos\/colaboradores-as\/#amaia-mariezkurrena-serrano\" data-type=\"page\" data-id=\"219\">Amaia Mariezkurrena-Serrano<\/a><\/li>\n<\/ul>\n<\/div>\n\n\n\n<div class=\"wp-block-column is-layout-flow wp-block-column-is-layout-flow\">\n<h2 class=\"wp-block-heading has-text-align-left has-text-color has-link-color wp-elements-e9e44cc8bc6dac440dc276900105a797\" style=\"color:#7cad53\">Colaboradores\/as externos\/as<\/h2>\n\n\n\n<div class=\"wp-block-buttons is-content-justification-left is-layout-flex wp-container-core-buttons-is-layout-fc4fd283 wp-block-buttons-is-layout-flex\">\n<div class=\"wp-block-button\"><a class=\"wp-block-button__link wp-element-button\" href=\"https:\/\/oroimenhez.eus\/es\/quienes-somos\/colaboradores-as-externos-as\/\"><strong>VER<\/strong><\/a><\/div>\n<\/div>\n\n\n\n<ul class=\"wp-block-list\">\n<li><a href=\"https:\/\/oroimenhez.eus\/es\/quienes-somos\/colaboradores-as-externos-as\/#nestor-banderas\">N\u00e9stor Banderas<\/a><\/li>\n\n\n\n<li><a href=\"https:\/\/oroimenhez.eus\/es\/quienes-somos\/colaboradores-as-externos-as\/#carlos-munoz-labrana\">Carlos Mu\u00f1oz Labra\u00f1a<\/a><\/li>\n\n\n\n<li><a href=\"https:\/\/oroimenhez.eus\/es\/quienes-somos\/colaboradores-as-externos-as\/#eddy-paloma-arceo-arceo\">Eddy Paloma Arceo Arceo<\/a><\/li>\n\n\n\n<li><a href=\"https:\/\/oroimenhez.eus\/es\/quienes-somos\/colaboradores-as-externos-as\/#juanita-rodriguez-pech\">Juanita Rodr\u00edguez Pech<\/a><\/li>\n\n\n\n<li><a href=\"https:\/\/oroimenhez.eus\/es\/quienes-somos\/colaboradores-as-externos-as\/#teresa-benito-aguado\">Teresa Benito Aguado<\/a><\/li>\n\n\n\n<li><a href=\"https:\/\/oroimenhez.eus\/es\/quienes-somos\/colaboradores-as-externos-as\/#nilson-javier-ibagon-martin\">Nilson Javier Ibag\u00f3n Mart\u00edn<\/a><\/li>\n\n\n\n<li><a href=\"https:\/\/oroimenhez.eus\/es\/quienes-somos\/colaboradores-as-externos-as\/#inaki-navarro-neri\">I\u00f1aki Navarro-Neri<\/a><\/li>\n\n\n\n<li><a href=\"https:\/\/oroimenhez.eus\/es\/quienes-somos\/colaboradores-as-externos-as\/#isabel-boj\">Isabel Boj<\/a><\/li>\n\n\n\n<li><a href=\"https:\/\/oroimenhez.eus\/es\/quienes-somos\/colaboradores-as-externos-as\/#gemma-sebares-valle\">Gemma Sebares Valle<\/a><\/li>\n\n\n\n<li><a href=\"https:\/\/oroimenhez.eus\/es\/quienes-somos\/colaboradores-as-externos-as\/#gemma-sebares-valle\">Maren Marie Melheim<\/a><\/li>\n<\/ul>\n<\/div>\n<\/div>\n","protected":false},"excerpt":{"rendered":"<p>Investigadores del \u00e1rea de Did\u00e1ctica de las Ciencias Sociales de la Universidad del Pa\u00eds Vasco (EHU) que tiene el n\u00facleo de GIPyPAC y otros grupos de investigaci\u00f3n que se ha comprometido a convertir la educaci\u00f3n en un instrumento para construir una sociedad m\u00e1s justa y pac\u00edfica. Equipo de investigaci\u00f3n Colaboradores\/as Colaboradores\/as externos\/as<\/p>\n","protected":false},"author":1,"featured_media":0,"parent":0,"menu_order":0,"comment_status":"closed","ping_status":"closed","template":"","meta":{"_acf_changed":false,"footnotes":""},"class_list":["post-601","page","type-page","status-publish","hentry"],"acf":[],"_links":{"self":[{"href":"https:\/\/oroimenhez.eus\/es\/wp-json\/wp\/v2\/pages\/601","targetHints":{"allow":["GET"]}}],"collection":[{"href":"https:\/\/oroimenhez.eus\/es\/wp-json\/wp\/v2\/pages"}],"about":[{"href":"https:\/\/oroimenhez.eus\/es\/wp-json\/wp\/v2\/types\/page"}],"author":[{"embeddable":true,"href":"https:\/\/oroimenhez.eus\/es\/wp-json\/wp\/v2\/users\/1"}],"replies":[{"embeddable":true,"href":"https:\/\/oroimenhez.eus\/es\/wp-json\/wp\/v2\/comments?post=601"}],"version-history":[{"count":3,"href":"https:\/\/oroimenhez.eus\/es\/wp-json\/wp\/v2\/pages\/601\/revisions"}],"predecessor-version":[{"id":1104,"href":"https:\/\/oroimenhez.eus\/es\/wp-json\/wp\/v2\/pages\/601\/revisions\/1104"}],"wp:attachment":[{"href":"https:\/\/oroimenhez.eus\/es\/wp-json\/wp\/v2\/media?parent=601"}],"curies":[{"name":"wp","href":"https:\/\/api.w.org\/{rel}","templated":true}]}}